{"id":362,"date":"2018-04-19T12:29:25","date_gmt":"2018-04-19T12:29:25","guid":{"rendered":"http:\/\/frappe.elated-themes.com\/?page_id=362"},"modified":"2022-11-14T16:00:23","modified_gmt":"2022-11-14T15:00:23","slug":"what-we-do","status":"publish","type":"page","link":"https:\/\/dukibowl.ch\/index.php\/what-we-do\/","title":{"rendered":"A propos de nous"},"content":{"rendered":"<p>[vc_row background_image_size=\u00a0\u00bbcover\u00a0\u00bb disable_background_image=\u00a0\u00bb768&Prime; enable_cut_off_effect=\u00a0\u00bbyes\u00a0\u00bb cut_off_effect_top=\u00a0\u00bbyes\u00a0\u00bb cut_off_effect_bottom=\u00a0\u00bbyes\u00a0\u00bb css=\u00a0\u00bb.vc_custom_1526479013688{padding-top: 113px !important;padding-bottom: 114px !important;}\u00a0\u00bb cut_off_effect_background=\u00a0\u00bb#ffffff\u00a0\u00bb simple_background_image=\u00a0\u00bb1205&Prime;][vc_column][vc_row_inner row_content_width=\u00a0\u00bbgrid\u00a0\u00bb][vc_column_inner offset=\u00a0\u00bbvc_col-lg-4 vc_col-md-4 vc_col-xs-12&Prime;]<div class=\"eltdf-iwt clearfix  eltdf-iwt-icon-top eltdf-iwt-icon-medium\">\n\t<div class=\"eltdf-iwt-icon\">\n\t\t\t\t\t<a itemprop=\"url\" href=\"#\" target=\"_self\">\n\t\t\t\t\t\t\t\t\t<img loading=\"lazy\" decoding=\"async\" width=\"192\" height=\"198\" src=\"https:\/\/dukibowl.ch\/wp-content\/uploads\/2022\/02\/dessert.png\" class=\"attachment-full size-full\" alt=\"\" \/>\t\t\t\t\t\t\t\t<\/a>\n\t\t\t<\/div>\n\t<div class=\"eltdf-iwt-content\" >\n\t\t\t\t\t<h3 class=\"eltdf-iwt-title\" style=\"color: #5a5a5a\">\n\t\t\t\t\t\t\t\t\t<a itemprop=\"url\" href=\"#\" target=\"_self\">\n\t\t\t\t\t\t\t\t<span class=\"eltdf-iwt-title-text\">Dessert fruit\u00e9<\/span>\n\t\t\t\t\t\t\t\t\t<\/a>\n\t\t\t\t\t\t\t<\/h3>\n\t\t\t\t\t<\/div>\n<\/div>\n\n[vc_empty_space][\/vc_column_inner][vc_column_inner offset=\u00a0\u00bbvc_col-lg-4 vc_col-md-4 vc_col-xs-12&Prime;]<div class=\"eltdf-iwt clearfix  eltdf-iwt-icon-top eltdf-iwt-icon-medium\">\n\t<div class=\"eltdf-iwt-icon\">\n\t\t\t\t\t<a itemprop=\"url\" href=\"#\" target=\"_self\">\n\t\t\t\t\t\t\t\t\t<img loading=\"lazy\" decoding=\"async\" width=\"192\" height=\"187\" src=\"https:\/\/dukibowl.ch\/wp-content\/uploads\/2022\/02\/istockphoto-1144528290-170667a.png\" class=\"attachment-full size-full\" alt=\"\" \/>\t\t\t\t\t\t\t\t<\/a>\n\t\t\t<\/div>\n\t<div class=\"eltdf-iwt-content\" >\n\t\t\t\t\t<h3 class=\"eltdf-iwt-title\" style=\"color: #5a5a5a\">\n\t\t\t\t\t\t\t\t\t<a itemprop=\"url\" href=\"#\" target=\"_self\">\n\t\t\t\t\t\t\t\t<span class=\"eltdf-iwt-title-text\">Poke Bowl<\/span>\n\t\t\t\t\t\t\t\t\t<\/a>\n\t\t\t\t\t\t\t<\/h3>\n\t\t\t\t\t<\/div>\n<\/div>\n\n[vc_empty_space][\/vc_column_inner][vc_column_inner offset=\u00a0\u00bbvc_col-lg-4 vc_col-md-4 vc_col-xs-12&Prime;]<div class=\"eltdf-iwt clearfix  eltdf-iwt-icon-top eltdf-iwt-icon-medium\">\n\t<div class=\"eltdf-iwt-icon\">\n\t\t\t\t\t<a itemprop=\"url\" href=\"#\" target=\"_self\">\n\t\t\t\t\t\t\t\t\t<img loading=\"lazy\" decoding=\"async\" width=\"192\" height=\"198\" src=\"https:\/\/dukibowl.ch\/wp-content\/uploads\/2022\/02\/12h.png\" class=\"attachment-full size-full\" alt=\"\" \/>\t\t\t\t\t\t\t\t<\/a>\n\t\t\t<\/div>\n\t<div class=\"eltdf-iwt-content\" >\n\t\t\t\t\t<h3 class=\"eltdf-iwt-title\" style=\"color: #5a5a5a\">\n\t\t\t\t\t\t\t\t\t<a itemprop=\"url\" href=\"#\" target=\"_self\">\n\t\t\t\t\t\t\t\t<span class=\"eltdf-iwt-title-text\">Boissons healthy<\/span>\n\t\t\t\t\t\t\t\t\t<\/a>\n\t\t\t\t\t\t\t<\/h3>\n\t\t\t\t\t<\/div>\n<\/div>\n\n[vc_empty_space][\/vc_column_inner][\/vc_row_inner][\/vc_column][\/vc_row][vc_row css=\u00a0\u00bb.vc_custom_1646062697069{padding-top: 70px !important;padding-bottom: 70px !important;background-position: center !important;background-repeat: no-repeat !important;background-size: cover !important;}\u00a0\u00bb el_class=\u00a0\u00bbeltdf-si-centered\u00a0\u00bb simple_background_color=\u00a0\u00bb#fbbcc0&Prime;][vc_column]<div class=\"eltdf-elements-holder   eltdf-one-column  eltdf-responsive-mode-768 \" ><div class=\"eltdf-eh-item    \"  data-item-class=\"eltdf-eh-custom-9858\" data-1024-1366=\"54px 30% 82px 30%\" data-768-1024=\"2% 19% 2% 19%\" data-680-768=\"0 18% 0 18%\" data-680=\"0 19% 0 19%\">\n\t<div class=\"eltdf-eh-item-inner\">\n\t\t<div class=\"eltdf-eh-item-content eltdf-eh-custom-9858\" >\n\t\t\t<div class=\"eltdf-single-image-holder     eltdf-centered_image\">\n    <div class=\"eltdf-si-inner\" >\n                                    <img loading=\"lazy\" decoding=\"async\" width=\"236\" height=\"105\" src=\"https:\/\/dukibowl.ch\/wp-content\/uploads\/2022\/02\/DUKIBOWL-LOGO-MN-bl.png\" class=\"attachment-full size-full\" alt=\"\" \/>                        <\/div>\n<\/div>[vc_empty_space height=\u00a0\u00bb60px\u00a0\u00bb][vc_column_text css=\u00a0\u00bb.vc_custom_1668438020692{padding-right: 40px !important;padding-left: 40px !important;}\u00a0\u00bb]<\/p>\n<h3 style=\"text-align: center;\">C&rsquo;est en faisant des recherches sur le meilleur moyen de manger sainement et de fa\u00e7on \u00e9quilibr\u00e9e que nous avons d\u00e9couvert l<strong>e<\/strong>\u00a0<strong>Poke<\/strong>\u00a0<b>Bowl, ce met savoureux qui nous vient directement <\/b><strong>d\u2019Hawa\u00ef.<\/strong> Il s\u2019agit d\u2019un plat typiquement hawa\u00efen qui est \u00e0 l&rsquo;origine une salade de poisson en d\u00e9s. Dans la recette originale donc, on retrouve des d\u00e9s de thon rouge cru marin\u00e9 dans de la sauce. Cette d\u00e9couverte a \u00e9t\u00e9 pour nous une r\u00e9v\u00e9lation et nous avons d\u00e9cid\u00e9 de les faire d\u00e9couvrir au plus grand nombre, afin de vous offrir les plus belles saveurs de l&rsquo;\u00eele. Nous avons \u00e9tudi\u00e9 et compos\u00e9 pour vous une gamme de 6 DUKI BOWL Poke signature. Tous aussi savoureux les uns que les autres. Vous pouvez aussi composer votre propre Bowl gr\u00e2ce \u00e0 une large choix de fruits, de l\u00e9gumes, de prot\u00e9ines et de sauces afin de combler tout vos d\u00e9sirs.<\/h3>\n<p>[\/vc_column_text]\t\t<\/div>\n\t<\/div>\n<\/div><\/div>[\/vc_column][\/vc_row][vc_row enable_cut_off_effect=\u00a0\u00bbyes\u00a0\u00bb cut_off_effect_top=\u00a0\u00bbyes\u00a0\u00bb][vc_column]<div class=\"eltdf-section-title-holder  eltdf-st-standard eltdf-st-title-left eltdf-st-normal-space \" style=\"text-align: center\">\n\t\t<div class=\"eltdf-st-inner\">\n\t\t\t\t\t<h1 class=\"eltdf-st-title\" >\n\t\t\t\tT\u00e9moignage\t\t\t<\/h1>\n\t\t\t\t\t<\/div>\n<\/div>[\/vc_column][\/vc_row][vc_row row_content_width=\u00a0\u00bbgrid\u00a0\u00bb css=\u00a0\u00bb.vc_custom_1526537942038{padding-top: 92px !important;padding-bottom: 135px !important;}\u00a0\u00bb][vc_column]<div class=\"eltdf-elements-holder   eltdf-one-column  eltdf-responsive-mode-768 \" ><div class=\"eltdf-eh-item    \"  data-item-class=\"eltdf-eh-custom-6955\">\n\t<div class=\"eltdf-eh-item-inner\">\n\t\t<div class=\"eltdf-eh-item-content eltdf-eh-custom-6955\" style=\"padding: 0 0 0 0\">\n\t\t\t<div class=\"eltdf-testimonials-holder clearfix eltdf-testimonials-standard \">\n    <div class=\"eltdf-testimonials eltdf-owl-slider\" data-number-of-items=\"1\" data-enable-loop=\"yes\" data-enable-autoplay=\"yes\" data-slider-speed=\"5000\" data-slider-speed-animation=\"600\" data-enable-navigation=\"yes\" data-enable-pagination=\"yes\" >\n\n    Sorry, no posts matched your criteria.\n    <\/div>\n<\/div>\t\t<\/div>\n\t<\/div>\n<\/div><\/div>[\/vc_column][\/vc_row][vc_row background_image_size=\u00a0\u00bb\u00a0\u00bb disable_background_image=\u00a0\u00bb\u00a0\u00bb simple_background_image=\u00a0\u00bb391&Prime; css=\u00a0\u00bb.vc_custom_1524740126026{padding-top: 100px !important;padding-bottom: 97px !important;}\u00a0\u00bb][vc_column]<div class=\"eltdf-elements-holder   eltdf-one-column  eltdf-responsive-mode-768 \" ><div class=\"eltdf-eh-item   eltdf-horizontal-alignment-center \"  data-item-class=\"eltdf-eh-custom-6812\">\n\t<div class=\"eltdf-eh-item-inner\">\n\t\t<div class=\"eltdf-eh-item-content eltdf-eh-custom-6812\" style=\"padding: 0 0% 0 0%\">\n\t\t\t<div class=\"eltdf-clients-carousel-holder eltdf-cc-hover-roll-over\">\n\t<div class=\"eltdf-cc-inner eltdf-owl-slider\" data-number-of-items=\"6\" data-enable-loop=\"yes\" data-enable-autoplay=\"yes\" data-slider-speed=\"5000\" data-slider-speed-animation=\"600\" data-enable-navigation=\"no\" data-enable-pagination=\"no\">\n\t\t<div class=\"eltdf-cc-item\">\n\t\t\t<a itemprop=\"url\" class=\"eltdf-cc-link eltdf-block-drag-link\" href=\"#\" target=\"_self\">\n\t\t\t\t\t\t<img decoding=\"async\" itemprop=\"image\" class=\"eltdf-cc-image\" src=\"https:\/\/dukibowl.ch\/wp-content\/uploads\/2018\/04\/h2-carousel-img-5.png\" alt=\"m\" \/>\n\t\t\t\t\t\t\t<img decoding=\"async\" itemprop=\"image\" class=\"eltdf-cc-hover-image\" src=\"https:\/\/dukibowl.ch\/wp-content\/uploads\/2018\/04\/h2-carousel-img-5.png\" alt=\"m\" \/>\n\t\t\t\t\t<\/a>\n\t<\/div><div class=\"eltdf-cc-item\">\n\t\t\t<a itemprop=\"url\" class=\"eltdf-cc-link eltdf-block-drag-link\" href=\"#\" target=\"_self\">\n\t\t\t\t\t\t<img decoding=\"async\" itemprop=\"image\" class=\"eltdf-cc-image\" src=\"https:\/\/dukibowl.ch\/wp-content\/uploads\/2018\/04\/h2-carousel-img-3.png\" alt=\"m\" \/>\n\t\t\t\t\t\t\t<img decoding=\"async\" itemprop=\"image\" class=\"eltdf-cc-hover-image\" src=\"https:\/\/dukibowl.ch\/wp-content\/uploads\/2018\/04\/h2-carousel-img-3.png\" alt=\"m\" \/>\n\t\t\t\t\t<\/a>\n\t<\/div><div class=\"eltdf-cc-item\">\n\t\t\t<a itemprop=\"url\" class=\"eltdf-cc-link eltdf-block-drag-link\" href=\"#\" target=\"_self\">\n\t\t\t\t\t\t<img decoding=\"async\" itemprop=\"image\" class=\"eltdf-cc-image\" src=\"https:\/\/dukibowl.ch\/wp-content\/uploads\/2018\/04\/h2-carousel-img-4.png\" alt=\"m\" \/>\n\t\t\t\t\t\t\t<img decoding=\"async\" itemprop=\"image\" class=\"eltdf-cc-hover-image\" src=\"https:\/\/dukibowl.ch\/wp-content\/uploads\/2018\/04\/h2-carousel-img-4.png\" alt=\"m\" \/>\n\t\t\t\t\t<\/a>\n\t<\/div><div class=\"eltdf-cc-item\">\n\t\t\t<a itemprop=\"url\" class=\"eltdf-cc-link eltdf-block-drag-link\" href=\"#\" target=\"_self\">\n\t\t\t\t\t\t<img decoding=\"async\" itemprop=\"image\" class=\"eltdf-cc-image\" src=\"https:\/\/dukibowl.ch\/wp-content\/uploads\/2018\/04\/h2-carousel-img-6.png\" alt=\"m\" \/>\n\t\t\t\t\t\t\t<img decoding=\"async\" itemprop=\"image\" class=\"eltdf-cc-hover-image\" src=\"https:\/\/dukibowl.ch\/wp-content\/uploads\/2018\/04\/h2-carousel-img-6.png\" alt=\"m\" \/>\n\t\t\t\t\t<\/a>\n\t<\/div><div class=\"eltdf-cc-item\">\n\t\t\t<a itemprop=\"url\" class=\"eltdf-cc-link eltdf-block-drag-link\" href=\"#\" target=\"_self\">\n\t\t\t\t\t\t<img decoding=\"async\" itemprop=\"image\" class=\"eltdf-cc-image\" src=\"https:\/\/dukibowl.ch\/wp-content\/uploads\/2018\/04\/h2-carousel-img-2.png\" alt=\"m\" \/>\n\t\t\t\t\t\t\t<img decoding=\"async\" itemprop=\"image\" class=\"eltdf-cc-hover-image\" src=\"https:\/\/dukibowl.ch\/wp-content\/uploads\/2018\/04\/h2-carousel-img-2.png\" alt=\"m\" \/>\n\t\t\t\t\t<\/a>\n\t<\/div><div class=\"eltdf-cc-item\">\n\t\t\t<a itemprop=\"url\" class=\"eltdf-cc-link eltdf-block-drag-link\" href=\"#\" target=\"_self\">\n\t\t\t\t\t\t<img decoding=\"async\" itemprop=\"image\" class=\"eltdf-cc-image\" src=\"https:\/\/dukibowl.ch\/wp-content\/uploads\/2018\/04\/h2-carousel-img-1.png\" alt=\"m\" \/>\n\t\t\t\t\t\t\t<img decoding=\"async\" itemprop=\"image\" class=\"eltdf-cc-hover-image\" src=\"https:\/\/dukibowl.ch\/wp-content\/uploads\/2018\/04\/h2-carousel-img-1.png\" alt=\"m\" \/>\n\t\t\t\t\t<\/a>\n\t<\/div>\t<\/div>\n<\/div>\t\t<\/div>\n\t<\/div>\n<\/div><\/div>[\/vc_column][\/vc_row]<\/p>\n","protected":false},"excerpt":{"rendered":"<p>[vc_row background_image_size=\u00a0\u00bbcover\u00a0\u00bb disable_background_image=\u00a0\u00bb768&Prime; enable_cut_off_effect=\u00a0\u00bbyes\u00a0\u00bb cut_off_effect_top=\u00a0\u00bbyes\u00a0\u00bb cut_off_effect_bottom=\u00a0\u00bbyes\u00a0\u00bb css=\u00a0\u00bb.vc_custom_1526479013688{padding-top: 113px !important;padding-bottom: 114px !important;}\u00a0\u00bb cut_off_effect_background=\u00a0\u00bb#ffffff\u00a0\u00bb simple_background_image=\u00a0\u00bb1205&Prime;][vc_column][vc_row_inner row_content_width=\u00a0\u00bbgrid\u00a0\u00bb][vc_column_inner offset=\u00a0\u00bbvc_col-lg-4 vc_col-md-4 vc_col-xs-12&Prime;][vc_empty_space][\/vc_column_inner][vc_column_inner offset=\u00a0\u00bbvc_col-lg-4 vc_col-md-4 vc_col-xs-12&Prime;][vc_empty_space][\/vc_column_inner][vc_column_inner offset=\u00a0\u00bbvc_col-lg-4 vc_col-md-4 vc_col-xs-12&Prime;][vc_empty_space][\/vc_column_inner][\/vc_row_inner][\/vc_column][\/vc_row][vc_row css=\u00a0\u00bb.vc_custom_1646062697069{padding-top: 70px !important;padding-bottom: 70px !important;background-position: center !important;background-repeat: no-repeat !important;background-size: cover !important;}\u00a0\u00bb el_class=\u00a0\u00bbeltdf-si-centered\u00a0\u00bb simple_background_color=\u00a0\u00bb#fbbcc0&Prime;][vc_column][\/vc_column][\/vc_row][vc_row enable_cut_off_effect=\u00a0\u00bbyes\u00a0\u00bb cut_off_effect_top=\u00a0\u00bbyes\u00a0\u00bb][vc_column][\/vc_column][\/vc_row][vc_row row_content_width=\u00a0\u00bbgrid\u00a0\u00bb css=\u00a0\u00bb.vc_custom_1526537942038{padding-top: [&hellip;]<\/p>\n","protected":false},"author":2,"featured_media":0,"parent":0,"menu_order":0,"comment_status":"closed","ping_status":"closed","template":"full-width.php","meta":{"footnotes":""},"class_list":["post-362","page","type-page","status-publish","hentry"],"acf":[],"_links":{"self":[{"href":"https:\/\/dukibowl.ch\/index.php\/wp-json\/wp\/v2\/pages\/362","targetHints":{"allow":["GET"]}}],"collection":[{"href":"https:\/\/dukibowl.ch\/index.php\/wp-json\/wp\/v2\/pages"}],"about":[{"href":"https:\/\/dukibowl.ch\/index.php\/wp-json\/wp\/v2\/types\/page"}],"author":[{"embeddable":true,"href":"https:\/\/dukibowl.ch\/index.php\/wp-json\/wp\/v2\/users\/2"}],"replies":[{"embeddable":true,"href":"https:\/\/dukibowl.ch\/index.php\/wp-json\/wp\/v2\/comments?post=362"}],"version-history":[{"count":17,"href":"https:\/\/dukibowl.ch\/index.php\/wp-json\/wp\/v2\/pages\/362\/revisions"}],"predecessor-version":[{"id":2993,"href":"https:\/\/dukibowl.ch\/index.php\/wp-json\/wp\/v2\/pages\/362\/revisions\/2993"}],"wp:attachment":[{"href":"https:\/\/dukibowl.ch\/index.php\/wp-json\/wp\/v2\/media?parent=362"}],"curies":[{"name":"wp","href":"https:\/\/api.w.org\/{rel}","templated":true}]}}